{"id":2,"date":"2024-02-07T02:25:32","date_gmt":"2024-02-07T02:25:32","guid":{"rendered":"http:\/\/theretreatspacefrance.com\/?page_id=2"},"modified":"2024-05-28T13:28:33","modified_gmt":"2024-05-28T13:28:33","slug":"locations","status":"publish","type":"page","link":"https:\/\/theretreatspacefrance.com\/en\/locations\/","title":{"rendered":"Locations"},"content":{"rendered":"<div id=\"fws_69e0672ef0f19\"  data-column-margin=\"default\" data-midnight=\"dark\"  class=\"wpb_row vc_row-fluid vc_row\"  style=\"padding-top: 0px; padding-bottom: 0px; \"><div class=\"row-bg-wrap\" data-bg-animation=\"none\" data-bg-animation-delay=\"\" data-bg-overlay=\"false\"><div class=\"inner-wrap row-bg-layer\" ><div class=\"row-bg viewport-desktop\"  style=\"\"><\/div><\/div><\/div><div class=\"row_col_wrap_12 col span_12 dark left\">\n\t<div  class=\"vc_col-sm-4 wpb_column column_container vc_column_container col no-extra-padding inherit_tablet inherit_phone\"  data-padding-pos=\"all\" data-has-bg-color=\"false\" data-bg-color=\"\" data-bg-opacity=\"1\" data-animation=\"\" data-delay=\"0\" >\n\t\t<div class=\"vc_column-inner\" >\n\t\t\t<div class=\"wpb_wrapper\">\n\t\t\t\t<div class=\"img-with-aniamtion-wrap\" data-max-width=\"100%\" data-max-width-mobile=\"default\" data-border-radius=\"20px\" data-shadow=\"medium_depth\" data-animation=\"none\" >\n      <div class=\"inner\">\n        <div class=\"hover-wrap\"> \n          <div class=\"hover-wrap-inner\">\n            <img loading=\"lazy\" decoding=\"async\" class=\"img-with-animation skip-lazy\" data-delay=\"0\" height=\"1600\" width=\"1200\" data-animation=\"none\" src=\"https:\/\/theretreatspacefrance.com\/wp-content\/uploads\/2024\/05\/WhatsApp-Image-2024-05-25-at-11.03.49-1.jpeg\" alt=\"\" srcset=\"https:\/\/theretreatspacefrance.com\/wp-content\/uploads\/2024\/05\/WhatsApp-Image-2024-05-25-at-11.03.49-1.jpeg 1200w, https:\/\/theretreatspacefrance.com\/wp-content\/uploads\/2024\/05\/WhatsApp-Image-2024-05-25-at-11.03.49-1-225x300.jpeg 225w, https:\/\/theretreatspacefrance.com\/wp-content\/uploads\/2024\/05\/WhatsApp-Image-2024-05-25-at-11.03.49-1-768x1024.jpeg 768w, https:\/\/theretreatspacefrance.com\/wp-content\/uploads\/2024\/05\/WhatsApp-Image-2024-05-25-at-11.03.49-1-1152x1536.jpeg 1152w, https:\/\/theretreatspacefrance.com\/wp-content\/uploads\/2024\/05\/WhatsApp-Image-2024-05-25-at-11.03.49-1-9x12.jpeg 9w\" sizes=\"auto, (max-width: 1200px) 100vw, 1200px\" \/>\n          <\/div>\n        <\/div>\n      <\/div>\n    <\/div>\n\t\t\t<\/div> \n\t\t<\/div>\n\t<\/div> \n\n\t<div  class=\"vc_col-sm-8 wpb_column column_container vc_column_container col no-extra-padding inherit_tablet inherit_phone\"  data-padding-pos=\"all\" data-has-bg-color=\"false\" data-bg-color=\"\" data-bg-opacity=\"1\" data-animation=\"\" data-delay=\"0\" >\n\t\t<div class=\"vc_column-inner\" >\n\t\t\t<div class=\"wpb_wrapper\">\n\t\t\t\t<div class=\"divider-wrap\" data-alignment=\"default\"><div style=\"height: 25px;\" class=\"divider\"><\/div><\/div><div class=\"divider-wrap\" data-alignment=\"default\"><div style=\"height: 25px;\" class=\"divider\"><\/div><\/div><div class=\"divider-wrap\" data-alignment=\"default\"><div style=\"height: 25px;\" class=\"divider\"><\/div><\/div>\n<div class=\"wpb_text_column wpb_content_element\" >\n\t<div class=\"wpb_wrapper\">\n\t\t<h1><strong>Rent The Retreat Space<\/strong><\/h1>\n\t<\/div>\n<\/div>\n\n\n\n\n<div class=\"wpb_text_column wpb_content_element\" >\n\t<div class=\"wpb_wrapper\">\n\t\t<p>Book your haven of peace in Normandy: the ideal place for your restful and rejuvenating stays. The Retreat Space welcomes you and your participants!<\/p>\n\t<\/div>\n<\/div>\n\n\n\n\n<div class=\"wpb_text_column wpb_content_element\" >\n\t<div class=\"wpb_wrapper\">\n\t\t<p>The space is nestled in a small village in Normandy with tasty bakery and surrounding nature. There are local markets almost every day around Gathemo.<\/p>\n<p>Our space is available to rent for your events, courses, conferences and trainings around Yoga, well-being, dance, alternative medicine and more!<\/p>\n\t<\/div>\n<\/div>\n\n\n\n\n\t\t\t<\/div> \n\t\t<\/div>\n\t<\/div> \n<\/div><\/div>\n\t\t<div id=\"fws_69e0672ef403b\"  data-column-margin=\"default\" data-midnight=\"dark\"  class=\"wpb_row vc_row-fluid vc_row\"  style=\"padding-top: 0px; padding-bottom: 0px; \"><div class=\"row-bg-wrap\" data-bg-animation=\"none\" data-bg-animation-delay=\"\" data-bg-overlay=\"false\"><div class=\"inner-wrap row-bg-layer\" ><div class=\"row-bg viewport-desktop\"  style=\"\"><\/div><\/div><\/div><div class=\"row_col_wrap_12 col span_12 dark left\">\n\t<div  class=\"vc_col-sm-4 wpb_column column_container vc_column_container col no-extra-padding inherit_tablet inherit_phone\"  data-padding-pos=\"all\" data-has-bg-color=\"false\" data-bg-color=\"\" data-bg-opacity=\"1\" data-animation=\"\" data-delay=\"0\" >\n\t\t<div class=\"vc_column-inner\" >\n\t\t\t<div class=\"wpb_wrapper\">\n\t\t\t\t<div class=\"team-member\" data-style=\"meta_below\"><img decoding=\"async\" alt=\"\" src=\"https:\/\/theretreatspacefrance.com\/wp-content\/uploads\/2024\/05\/WhatsApp-Image-2024-05-10-at-22.06.11.jpeg\" title=\"The Retreat Space can receive\" \/><h4 class=\"light\">The Retreat Space can receive<\/h4><div class=\"position\"><\/div><p class=\"description\">up to 10 participants (and 1 organiser) in 1 quadruple room, 3 twin rooms, and one single room. We have 3 shower rooms, a stunning kitchen and living area.<\/p><\/div>\n\t\t\t<\/div> \n\t\t<\/div>\n\t<\/div> \n\n\t<div  class=\"vc_col-sm-4 wpb_column column_container vc_column_container col no-extra-padding inherit_tablet inherit_phone\"  data-padding-pos=\"all\" data-has-bg-color=\"false\" data-bg-color=\"\" data-bg-opacity=\"1\" data-animation=\"\" data-delay=\"0\" >\n\t\t<div class=\"vc_column-inner\" >\n\t\t\t<div class=\"wpb_wrapper\">\n\t\t\t\t<div class=\"team-member\" data-style=\"meta_below\"><img decoding=\"async\" alt=\"\" src=\"https:\/\/theretreatspacefrance.com\/wp-content\/uploads\/2024\/05\/WhatsApp-Image-2024-04-07-at-08.12.53.jpeg\" title=\"We offer two types of stays\" \/><h4 class=\"light\">We offer two types of stays<\/h4><div class=\"position\"><\/div><p class=\"description\">Full board with brunch, afternoon snack and evening meal - our dishes are made with love, local and organic produce where possible and are all vegetarian.<br \/>\nAccommodation only with access to our beautiful kitchen to prepare your own meals !<\/p><\/div>\n\t\t\t<\/div> \n\t\t<\/div>\n\t<\/div> \n\n\t<div  class=\"vc_col-sm-4 wpb_column column_container vc_column_container col no-extra-padding inherit_tablet inherit_phone\"  data-padding-pos=\"all\" data-has-bg-color=\"false\" data-bg-color=\"\" data-bg-opacity=\"1\" data-animation=\"\" data-delay=\"0\" >\n\t\t<div class=\"vc_column-inner\" >\n\t\t\t<div class=\"wpb_wrapper\">\n\t\t\t\t<div class=\"team-member\" data-style=\"meta_below\"><img decoding=\"async\" alt=\"\" src=\"https:\/\/theretreatspacefrance.com\/wp-content\/uploads\/2024\/05\/WhatsApp-Image-2024-05-27-at-18.19.232.jpeg\" title=\"Situated less than 3hrs from Paris\" \/><h4 class=\"light\">Situated less than 3hrs from Paris<\/h4><div class=\"position\"><\/div><p class=\"description\">Our space has a large garden, a very big vegetable garden, campfire, and an outdoor eating area. We have yoga mats available for outdoor practice.<\/p><\/div>\n\t\t\t<\/div> \n\t\t<\/div>\n\t<\/div> \n<\/div><\/div>\n\t\t<div id=\"fws_69e0672f01e73\"  data-column-margin=\"default\" data-midnight=\"dark\"  class=\"wpb_row vc_row-fluid vc_row\"  style=\"padding-top: 0px; padding-bottom: 0px; \"><div class=\"row-bg-wrap\" data-bg-animation=\"none\" data-bg-animation-delay=\"\" data-bg-overlay=\"false\"><div class=\"inner-wrap row-bg-layer\" ><div class=\"row-bg viewport-desktop\"  style=\"\"><\/div><\/div><\/div><div class=\"row_col_wrap_12 col span_12 dark left\">\n\t<div  class=\"vc_col-sm-12 wpb_column column_container vc_column_container col no-extra-padding inherit_tablet inherit_phone\"  data-padding-pos=\"all\" data-has-bg-color=\"false\" data-bg-color=\"\" data-bg-opacity=\"1\" data-animation=\"\" data-delay=\"0\" >\n\t\t<div class=\"vc_column-inner\" >\n\t\t\t<div class=\"wpb_wrapper\">\n\t\t\t\t\n<div class=\"wpb_text_column wpb_content_element\" >\n\t<div class=\"wpb_wrapper\">\n\t\t<p>The Retreat Space is a centre for professionals wishing to host small group (10 pers) Yoga retreats...but not only!<\/p>\n<p>Events, trainings in personal development and other activities linked to well-being. Yoga teachers, coaches, therapists, teachers, authors, everyone is welcome!<\/p>\n<p>All yoga mats and props (straps, blocks, covers and bolsters) and gong are available to you during your stay, and there's always hot tea on tap !<\/p>\n<p>&nbsp;<\/p>\n<p>Don't hesitate to get in touch contact@thespaceparis.com for more information.<\/p>\n<p>We're excited to welcome you !<\/p>\n<p>Louise &amp; Maxime<\/p>\n\t<\/div>\n<\/div>\n\n\n\n\n\t\t\t<\/div> \n\t\t<\/div>\n\t<\/div> \n<\/div><\/div>","protected":false},"excerpt":{"rendered":"Louez\u00a0 The\u00a0 Retreat\u00a0 Space R\u00e9servez votre havre de paix en Normandie : le lieu id\u00e9al pour vos s\u00e9jours paisibles et ressour\u00e7ants. The Retreat Space vous accueille avec vos participants !...","protected":false},"author":1,"featured_media":0,"parent":0,"menu_order":0,"comment_status":"closed","ping_status":"open","template":"","meta":{"footnotes":""},"class_list":["post-2","page","type-page","status-publish"],"yoast_head":"<!-- This site is optimized with the Yoast SEO Premium plugin v25.0 (Yoast SEO v27.4) - https:\/\/yoast.com\/product\/yoast-seo-premium-wordpress\/ -->\n<title>Locations - The Retreat Space<\/title>\n<meta name=\"robots\" content=\"index, follow, max-snippet:-1, max-image-preview:large, max-video-preview:-1\" \/>\n<link rel=\"canonical\" href=\"https:\/\/theretreatspacefrance.com\/en\/locations\/\" \/>\n<meta property=\"og:locale\" content=\"en_GB\" \/>\n<meta property=\"og:type\" content=\"article\" \/>\n<meta property=\"og:title\" content=\"Locations\" \/>\n<meta property=\"og:url\" content=\"https:\/\/theretreatspacefrance.com\/en\/locations\/\" \/>\n<meta property=\"og:site_name\" content=\"The Retreat Space\" \/>\n<meta property=\"article:modified_time\" content=\"2024-05-28T13:28:33+00:00\" \/>\n<meta name=\"twitter:card\" content=\"summary_large_image\" \/>\n<meta name=\"twitter:label1\" content=\"Estimated reading time\" \/>\n\t<meta name=\"twitter:data1\" content=\"3 minutes\" \/>\n<script type=\"application\/ld+json\" class=\"yoast-schema-graph\">{\"@context\":\"https:\\\/\\\/schema.org\",\"@graph\":[{\"@type\":\"WebPage\",\"@id\":\"https:\\\/\\\/theretreatspacefrance.com\\\/locations\\\/\",\"url\":\"https:\\\/\\\/theretreatspacefrance.com\\\/locations\\\/\",\"name\":\"Locations - The Retreat Space\",\"isPartOf\":{\"@id\":\"https:\\\/\\\/theretreatspacefrance.com\\\/#website\"},\"datePublished\":\"2024-02-07T02:25:32+00:00\",\"dateModified\":\"2024-05-28T13:28:33+00:00\",\"breadcrumb\":{\"@id\":\"https:\\\/\\\/theretreatspacefrance.com\\\/locations\\\/#breadcrumb\"},\"inLanguage\":\"en-GB\",\"potentialAction\":[{\"@type\":\"ReadAction\",\"target\":[\"https:\\\/\\\/theretreatspacefrance.com\\\/locations\\\/\"]}]},{\"@type\":\"BreadcrumbList\",\"@id\":\"https:\\\/\\\/theretreatspacefrance.com\\\/locations\\\/#breadcrumb\",\"itemListElement\":[{\"@type\":\"ListItem\",\"position\":1,\"name\":\"Accueil\",\"item\":\"https:\\\/\\\/theretreatspacefrance.com\\\/\"},{\"@type\":\"ListItem\",\"position\":2,\"name\":\"Locations\"}]},{\"@type\":\"WebSite\",\"@id\":\"https:\\\/\\\/theretreatspacefrance.com\\\/#website\",\"url\":\"https:\\\/\\\/theretreatspacefrance.com\\\/\",\"name\":\"The Retreat Space\",\"description\":\"Plongez dans la s&eacute;r&eacute;nit&eacute; au c&oelig;ur de la Normandie\",\"publisher\":{\"@id\":\"https:\\\/\\\/theretreatspacefrance.com\\\/#organization\"},\"potentialAction\":[{\"@type\":\"SearchAction\",\"target\":{\"@type\":\"EntryPoint\",\"urlTemplate\":\"https:\\\/\\\/theretreatspacefrance.com\\\/?s={search_term_string}\"},\"query-input\":{\"@type\":\"PropertyValueSpecification\",\"valueRequired\":true,\"valueName\":\"search_term_string\"}}],\"inLanguage\":\"en-GB\"},{\"@type\":\"Organization\",\"@id\":\"https:\\\/\\\/theretreatspacefrance.com\\\/#organization\",\"name\":\"The Retreat Space\",\"url\":\"https:\\\/\\\/theretreatspacefrance.com\\\/\",\"logo\":{\"@type\":\"ImageObject\",\"inLanguage\":\"en-GB\",\"@id\":\"https:\\\/\\\/theretreatspacefrance.com\\\/#\\\/schema\\\/logo\\\/image\\\/\",\"url\":\"https:\\\/\\\/theretreatspacefrance.com\\\/wp-content\\\/uploads\\\/2024\\\/02\\\/TheRetreatSpace-LOGO.png\",\"contentUrl\":\"https:\\\/\\\/theretreatspacefrance.com\\\/wp-content\\\/uploads\\\/2024\\\/02\\\/TheRetreatSpace-LOGO.png\",\"width\":500,\"height\":277,\"caption\":\"The Retreat Space\"},\"image\":{\"@id\":\"https:\\\/\\\/theretreatspacefrance.com\\\/#\\\/schema\\\/logo\\\/image\\\/\"},\"sameAs\":[\"https:\\\/\\\/www.instagram.com\\\/theretreatspacefrance\"]}]}<\/script>\n<!-- \/ Yoast SEO Premium plugin. -->","yoast_head_json":{"title":"Locations - The Retreat Space","robots":{"index":"index","follow":"follow","max-snippet":"max-snippet:-1","max-image-preview":"max-image-preview:large","max-video-preview":"max-video-preview:-1"},"canonical":"https:\/\/theretreatspacefrance.com\/en\/locations\/","og_locale":"en_GB","og_type":"article","og_title":"Locations","og_url":"https:\/\/theretreatspacefrance.com\/en\/locations\/","og_site_name":"The Retreat Space","article_modified_time":"2024-05-28T13:28:33+00:00","twitter_card":"summary_large_image","twitter_misc":{"Estimated reading time":"3 minutes"},"schema":{"@context":"https:\/\/schema.org","@graph":[{"@type":"WebPage","@id":"https:\/\/theretreatspacefrance.com\/locations\/","url":"https:\/\/theretreatspacefrance.com\/locations\/","name":"Locations - The Retreat Space","isPartOf":{"@id":"https:\/\/theretreatspacefrance.com\/#website"},"datePublished":"2024-02-07T02:25:32+00:00","dateModified":"2024-05-28T13:28:33+00:00","breadcrumb":{"@id":"https:\/\/theretreatspacefrance.com\/locations\/#breadcrumb"},"inLanguage":"en-GB","potentialAction":[{"@type":"ReadAction","target":["https:\/\/theretreatspacefrance.com\/locations\/"]}]},{"@type":"BreadcrumbList","@id":"https:\/\/theretreatspacefrance.com\/locations\/#breadcrumb","itemListElement":[{"@type":"ListItem","position":1,"name":"Accueil","item":"https:\/\/theretreatspacefrance.com\/"},{"@type":"ListItem","position":2,"name":"Locations"}]},{"@type":"WebSite","@id":"https:\/\/theretreatspacefrance.com\/#website","url":"https:\/\/theretreatspacefrance.com\/","name":"The Retreat Space","description":"Plongez dans la s&eacute;r&eacute;nit&eacute; au c&oelig;ur de la Normandie","publisher":{"@id":"https:\/\/theretreatspacefrance.com\/#organization"},"potentialAction":[{"@type":"SearchAction","target":{"@type":"EntryPoint","urlTemplate":"https:\/\/theretreatspacefrance.com\/?s={search_term_string}"},"query-input":{"@type":"PropertyValueSpecification","valueRequired":true,"valueName":"search_term_string"}}],"inLanguage":"en-GB"},{"@type":"Organization","@id":"https:\/\/theretreatspacefrance.com\/#organization","name":"The Retreat Space","url":"https:\/\/theretreatspacefrance.com\/","logo":{"@type":"ImageObject","inLanguage":"en-GB","@id":"https:\/\/theretreatspacefrance.com\/#\/schema\/logo\/image\/","url":"https:\/\/theretreatspacefrance.com\/wp-content\/uploads\/2024\/02\/TheRetreatSpace-LOGO.png","contentUrl":"https:\/\/theretreatspacefrance.com\/wp-content\/uploads\/2024\/02\/TheRetreatSpace-LOGO.png","width":500,"height":277,"caption":"The Retreat Space"},"image":{"@id":"https:\/\/theretreatspacefrance.com\/#\/schema\/logo\/image\/"},"sameAs":["https:\/\/www.instagram.com\/theretreatspacefrance"]}]}},"_links":{"self":[{"href":"https:\/\/theretreatspacefrance.com\/en\/wp-json\/wp\/v2\/pages\/2","targetHints":{"allow":["GET"]}}],"collection":[{"href":"https:\/\/theretreatspacefrance.com\/en\/wp-json\/wp\/v2\/pages"}],"about":[{"href":"https:\/\/theretreatspacefrance.com\/en\/wp-json\/wp\/v2\/types\/page"}],"author":[{"embeddable":true,"href":"https:\/\/theretreatspacefrance.com\/en\/wp-json\/wp\/v2\/users\/1"}],"replies":[{"embeddable":true,"href":"https:\/\/theretreatspacefrance.com\/en\/wp-json\/wp\/v2\/comments?post=2"}],"version-history":[{"count":2,"href":"https:\/\/theretreatspacefrance.com\/en\/wp-json\/wp\/v2\/pages\/2\/revisions"}],"predecessor-version":[{"id":389,"href":"https:\/\/theretreatspacefrance.com\/en\/wp-json\/wp\/v2\/pages\/2\/revisions\/389"}],"wp:attachment":[{"href":"https:\/\/theretreatspacefrance.com\/en\/wp-json\/wp\/v2\/media?parent=2"}],"curies":[{"name":"wp","href":"https:\/\/api.w.org\/{rel}","templated":true}]}}