{"id":301,"date":"2024-05-01T15:30:56","date_gmt":"2024-05-01T15:30:56","guid":{"rendered":"https:\/\/theretreatspacefrance.com\/?page_id=301"},"modified":"2026-04-08T07:43:39","modified_gmt":"2026-04-08T07:43:39","slug":"immersion-printaniere","status":"publish","type":"page","link":"https:\/\/theretreatspacefrance.com\/en\/immersion-printaniere\/","title":{"rendered":"Immersion Printani\u00e8re"},"content":{"rendered":"<div id=\"fws_69e4e8b03cfc0\"  data-column-margin=\"default\" data-midnight=\"dark\" data-nectar-animated-gradient-settings=\"{&quot;color_1&quot;:&quot;#a5b4a0&quot;,&quot;color_2&quot;:&quot;#e1a101&quot;,&quot;speed&quot;:&quot;850&quot;,&quot;blending_mode&quot;:&quot;linear&quot;}\"  class=\"wpb_row vc_row-fluid vc_row full-width-content vc_row-o-full-height vc_row-o-columns-middle vc_row-o-equal-height vc_row-flex vc_row-o-content-top  right_padding_19pct left_padding_19pct right_padding_phone_10pct left_padding_phone_10pct\"  style=\"padding-top: 0px; padding-bottom: 0px; \"><div class=\"row-bg-wrap has-animated-gradient\" data-bg-animation=\"none\" data-bg-animation-delay=\"\" data-bg-overlay=\"false\"><div class=\"inner-wrap row-bg-layer\" ><div class=\"row-bg viewport-desktop\"  style=\"\"><\/div><\/div><div class=\"row-bg-overlay row-bg-layer\" style=\"background:linear-gradient(0deg, rgb(255,255,255) 1%, rgba(243,243,243,0) 32%);\"><\/div><\/div><div class=\"row_col_wrap_12 col span_12 dark left\">\n\t<div  class=\"vc_col-sm-12 wpb_column column_container vc_column_container col has-animation no-extra-padding el_spacing_0px inherit_tablet inherit_phone\"  data-padding-pos=\"all\" data-has-bg-color=\"false\" data-bg-color=\"\" data-bg-opacity=\"1\" data-animation=\"fade-in\" data-delay=\"0\" >\n\t\t<div class=\"vc_column-inner\" >\n\t\t\t<div class=\"wpb_wrapper\">\n\t\t\t\t<div id=\"fws_69e4e8b03dc41\" data-midnight=\"\" data-column-margin=\"default\" class=\"wpb_row vc_row-fluid vc_row inner_row\"  style=\"\"><div class=\"row-bg-wrap\"> <div class=\"row-bg\" ><\/div> <\/div><div class=\"row_col_wrap_12_inner col span_12  left\">\n\t<div  class=\"vc_col-sm-12 wpb_column column_container vc_column_container col child_column no-extra-padding column_element_direction_desktop_horizontal column_element_direction_tablet_horizontal column_element_direction_phone_horizontal el_spacing_20px inherit_tablet inherit_phone\"   data-padding-pos=\"all\" data-has-bg-color=\"false\" data-bg-color=\"\" data-bg-opacity=\"1\" data-animation=\"\" data-delay=\"0\" >\n\t\t<div class=\"vc_column-inner\" >\n\t\t<div class=\"wpb_wrapper\">\n\t\t\t<div class=\"nectar-split-heading  font_size_7vw font_size_tablet_8vw font_size_phone_8vw font_line_height_1-1\" data-align=\"default\" data-m-align=\"inherit\" data-text-effect=\"twist-bottom-2\" data-animation-type=\"line-reveal-by-space\" data-animation-delay=\"0\" data-animation-offset=\"\" data-m-rm-animation=\"\" data-stagger=\"\" data-custom-font-size=\"true\" style=\"font-size: 7vw; line-height: 7.7vw;\"><h1 >Weekend<\/h1><\/div><div class=\"nectar-split-heading  font_size_7vw font_size_tablet_8vw font_size_phone_8vw font_line_height_1-1\" data-align=\"default\" data-m-align=\"inherit\" data-text-effect=\"twist-bottom-2\" data-animation-type=\"line-reveal-by-space\" data-animation-delay=\"100\" data-animation-offset=\"\" data-m-rm-animation=\"\" data-stagger=\"\" data-custom-font-size=\"true\" style=\"font-size: 7vw; line-height: 7.7vw;\"><i >en immersion<\/i><\/div>\n\t\t<\/div> \n\t<\/div>\n\t<\/div> \n<\/div><\/div><div id=\"fws_69e4e8b03e643\" data-midnight=\"\" data-column-margin=\"default\" class=\"wpb_row vc_row-fluid vc_row inner_row  left_padding_5vw\"  style=\"\"><div class=\"row-bg-wrap\"> <div class=\"row-bg\" ><\/div> <\/div><div class=\"row_col_wrap_12_inner col span_12  left\">\n\t<div  class=\"vc_col-sm-12 wpb_column column_container vc_column_container col child_column no-extra-padding column_element_direction_desktop_horizontal column_element_direction_tablet_horizontal column_element_direction_phone_horizontal el_spacing_20px inherit_tablet inherit_phone\"   data-padding-pos=\"all\" data-has-bg-color=\"false\" data-bg-color=\"\" data-bg-opacity=\"1\" data-animation=\"\" data-delay=\"0\" >\n\t\t<div class=\"vc_column-inner\" >\n\t\t<div class=\"wpb_wrapper\">\n\t\t\t<div class=\"nectar-split-heading  font_size_7vw font_size_tablet_8vw font_size_phone_8vw font_line_height_1-1\" data-align=\"default\" data-m-align=\"inherit\" data-text-effect=\"twist-bottom-2\" data-animation-type=\"line-reveal-by-space\" data-animation-delay=\"500\" data-animation-offset=\"100%\" data-m-rm-animation=\"\" data-stagger=\"\" data-custom-font-size=\"true\" style=\"font-size: 7vw; line-height: 7.7vw;\"><h1 >Printani\u00e8re<\/h1><\/div>\n\t\t<\/div> \n\t<\/div>\n\t<\/div> \n<\/div><\/div>\n\t\t\t<\/div> \n\t\t<\/div>\n\t<\/div> \n<\/div><\/div>\n\t\t<div id=\"fws_69e4e8b03e947\"  data-column-margin=\"20px\" data-midnight=\"dark\" data-top-percent=\"4%\" data-bottom-percent=\"4%\"  class=\"wpb_row vc_row-fluid vc_row full-width-content vc_row-o-equal-height vc_row-flex vc_row-o-content-top  zindex-set right_padding_5pct left_padding_5pct right_padding_phone_14px left_padding_phone_14px\"  style=\"padding-top: calc(100vw * 0.04); padding-bottom: calc(100vw * 0.04);  z-index: 10;\"><div class=\"row-bg-wrap\" data-bg-animation=\"none\" data-bg-animation-delay=\"\" data-bg-overlay=\"false\"><div class=\"inner-wrap row-bg-layer\" ><div class=\"row-bg viewport-desktop using-bg-color\"  style=\"background-color: #d8d1c7; \"><\/div><\/div><\/div><div class=\"row_col_wrap_12 col span_12 dark left\">\n\t<div style=\"\" class=\"vc_col-sm-7 wpb_column column_container vc_column_container col el_spacing_0px bottom_margin_tablet_20px col-overflow-hidden left_padding_desktop_4vw left_padding_tablet_8vw top_padding_desktop_4vw top_padding_tablet_8vw right_padding_desktop_4vw right_padding_tablet_8vw bottom_padding_desktop_2vw bottom_padding_tablet_8vw\" data-using-bg=\"true\" data-border-radius=\"15px\" data-padding-pos=\"all\" data-has-bg-color=\"true\" data-bg-color=\"#ffffff\" data-bg-opacity=\"1\" data-animation=\"\" data-delay=\"0\" >\n\t\t<div class=\"vc_column-inner\" ><div class=\"column-bg-overlay-wrap column-bg-layer\" data-bg-animation=\"none\"><div class=\"column-bg-overlay\" style=\"opacity: 1; background-color: #ffffff;\"><\/div><\/div>\n\t\t\t<div class=\"wpb_wrapper\">\n\t\t\t\t<div id=\"fws_69e4e8b03eb57\" data-midnight=\"\" data-column-margin=\"default\" class=\"wpb_row vc_row-fluid vc_row inner_row\"  style=\"\"><div class=\"row-bg-wrap\"> <div class=\"row-bg\" ><\/div> <\/div><div class=\"row_col_wrap_12_inner col span_12  left\">\n\t<div style=\" color: #0a0000;\" class=\"vc_col-sm-12 wpb_column column_container vc_column_container col child_column el_spacing_10px right_padding_tablet_33vw right_padding_phone_0px\" data-cfc=\"true\"  data-padding-pos=\"all\" data-has-bg-color=\"false\" data-bg-color=\"\" data-bg-opacity=\"1\" data-animation=\"\" data-delay=\"0\" >\n\t\t<div class=\"vc_column-inner\" >\n\t\t<div class=\"wpb_wrapper\">\n\t\t\t<div class=\"nectar-responsive-text font_size_desktop_1-8vw font_size_tablet_22px font_line_height_1-3 nectar-link-underline-effect\"><h3>The retreat<\/h3>\n<\/div><div class=\"nectar-responsive-text font_size_min_14px font_size_max_20px font_size_desktop_1-1vw font_line_height_1-5 nectar-link-underline-effect\"><p><strong>La retraite de 3 jours et 3 nuits de Yoga, respiration, repas v\u00e9g\u00e9tariens savoureux.<br \/>\nDu 22 au 25 Mai 2026, avec Lauriane Witwicki<\/strong><\/p>\n<div>Pour r\u00e9server: contacter Lauriane directement &#8211; <span class=\"gI\"><span class=\"qu yKyxu\" role=\"gridcell\"><span class=\"go\">laurianew@hotmail.com<\/span><\/span><\/span><\/div>\n<div>.<\/div>\n<div>Ce weekend proposer une parenth\u00e8se de calme et d&rsquo;\u00e9coute de soi, un temps pour se laisser traverser par ce qui est vivant dans cette nature du renouveau comme \u00e0 l&rsquo;int\u00e9rieur de soi.<\/div>\n<div>Ralentir suffisamment pour sentir, respirer plus largement, retrouver un corps disponible, une attention plus fine.<\/div>\n<div>.<\/div>\n<div>Les pratiques de yoga, mixant mobilit\u00e9 fonctionnelle, flows dynamique, yin yoga, pranayamas et relaxation viendront soutenir cet espace : du mouvement, de l\u2019intensit\u00e9, mais aussi du rel\u00e2chement, des temps plus silencieux pour laisser circuler, d\u00e9lier, r\u00e9guler le syst\u00e8me nerveux.<\/div>\n<div>.<\/div>\n<div>Les repas v\u00e9g\u00e9tariens faits maison, inspir\u00e9s des produits locaux et de saisons seront \u00e0 la fois gourmands et \u00e9quilibr\u00e9s pour nourrir son \u00e9nergie vitale.<\/div>\n<div>.<\/div>\n<div>Ouvert \u00e0 tous, sans enjeu de niveau, ce week-end est pens\u00e9 pour que chacun\u00a0puisse s\u2019accorder ce temps, il est pens\u00e9 pour pour 10 \u00e9l\u00e8ves maximum afin de pr\u00e9server un cadre intime et humain.<\/div>\n<div>.<\/div>\n<p>&nbsp;<\/p>\n<\/div>\n\t\t<\/div> \n\t<\/div>\n\t<\/div> \n<\/div><\/div><div class=\"img-with-aniamtion-wrap center\" data-max-width=\"100%\" data-max-width-mobile=\"default\" data-border-radius=\"10px\" data-shadow=\"none\" data-animation=\"none\"  style=\"margin-top: 8%; \">\n      <div class=\"inner\">\n        <div class=\"hover-wrap\"> \n          <div class=\"hover-wrap-inner\">\n            <img loading=\"lazy\" decoding=\"async\" class=\"img-with-animation skip-lazy\" data-delay=\"0\" height=\"1920\" width=\"1080\" data-animation=\"none\" src=\"https:\/\/theretreatspacefrance.com\/wp-content\/uploads\/2025\/11\/Louise-is-back-to-teach-at-the-studio-Friday-December-13th-17h30-Vinyasa-ENG-Spaces-limited3.jpg\" alt=\"\" srcset=\"https:\/\/theretreatspacefrance.com\/wp-content\/uploads\/2025\/11\/Louise-is-back-to-teach-at-the-studio-Friday-December-13th-17h30-Vinyasa-ENG-Spaces-limited3.jpg 1080w, https:\/\/theretreatspacefrance.com\/wp-content\/uploads\/2025\/11\/Louise-is-back-to-teach-at-the-studio-Friday-December-13th-17h30-Vinyasa-ENG-Spaces-limited3-169x300.jpg 169w, https:\/\/theretreatspacefrance.com\/wp-content\/uploads\/2025\/11\/Louise-is-back-to-teach-at-the-studio-Friday-December-13th-17h30-Vinyasa-ENG-Spaces-limited3-576x1024.jpg 576w, https:\/\/theretreatspacefrance.com\/wp-content\/uploads\/2025\/11\/Louise-is-back-to-teach-at-the-studio-Friday-December-13th-17h30-Vinyasa-ENG-Spaces-limited3-768x1365.jpg 768w, https:\/\/theretreatspacefrance.com\/wp-content\/uploads\/2025\/11\/Louise-is-back-to-teach-at-the-studio-Friday-December-13th-17h30-Vinyasa-ENG-Spaces-limited3-864x1536.jpg 864w, https:\/\/theretreatspacefrance.com\/wp-content\/uploads\/2025\/11\/Louise-is-back-to-teach-at-the-studio-Friday-December-13th-17h30-Vinyasa-ENG-Spaces-limited3-7x12.jpg 7w\" sizes=\"auto, (max-width: 1080px) 100vw, 1080px\" \/>\n          <\/div>\n        <\/div>\n      <\/div>\n    <\/div>\n\t\t\t<\/div> \n\t\t<\/div>\n\t<\/div> \n\n\t<div style=\" color: #000000;\" class=\"vc_col-sm-5 wpb_column column_container vc_column_container col el_spacing_20px left_padding_desktop_4vw left_padding_tablet_8vw top_padding_desktop_4vw top_padding_tablet_8vw right_padding_desktop_4vw right_padding_tablet_8vw bottom_padding_desktop_4vw bottom_padding_tablet_8vw\" data-cfc=\"true\" data-using-bg=\"true\" data-border-radius=\"15px\" data-padding-pos=\"all\" data-has-bg-color=\"true\" data-bg-color=\"#ffffff\" data-bg-opacity=\"1\" data-animation=\"\" data-delay=\"0\" >\n\t\t<div class=\"vc_column-inner\" ><div class=\"column-bg-overlay-wrap column-bg-layer\" data-bg-animation=\"none\"><div class=\"column-bg-overlay\" style=\"opacity: 1; background-color: #ffffff;\"><\/div><\/div>\n\t\t\t<div class=\"wpb_wrapper\">\n\t\t\t\t<div id=\"fws_69e4e8b03fda9\" data-midnight=\"\" data-column-margin=\"default\" class=\"wpb_row vc_row-fluid vc_row inner_row\"  style=\"\"><div class=\"row-bg-wrap\"> <div class=\"row-bg\" ><\/div> <\/div><div class=\"row_col_wrap_12_inner col span_12  left\">\n\t<div style=\" color: #000000;\" class=\"vc_col-sm-12 wpb_column column_container vc_column_container col child_column el_spacing_10px right_padding_tablet_33vw right_padding_phone_0px\" data-cfc=\"true\"  data-padding-pos=\"all\" data-has-bg-color=\"false\" data-bg-color=\"\" data-bg-opacity=\"1\" data-animation=\"\" data-delay=\"0\" >\n\t\t<div class=\"vc_column-inner\" >\n\t\t<div class=\"wpb_wrapper\">\n\t\t\t<div class=\"nectar-responsive-text font_size_desktop_1-8vw font_size_tablet_22px font_line_height_1-3 nectar-link-underline-effect\"><h3>The program and prices<\/h3>\n<\/div><div class=\"nectar-responsive-text font_size_min_14px font_size_max_20px font_size_desktop_1-1vw font_line_height_1-5 nectar-link-underline-effect\"><p><strong>The program:<br \/>\nVendredi<br \/>\n<\/strong>16h30 : Accueil, installation &amp; collation<br \/>\n18h-20h : pratique yin yang &#8211; cercle d\u2019ouverture<br \/>\n20h30 : D\u00eener, puis repos &amp; cocooning au coin du feu<\/p>\n<p><strong>Samedi<br \/>\n<\/strong>8h : Collation \/ boissons chaudes<br \/>\n9h-11h00 : M\u00e9ditation &amp; pratique mobilit\u00e9 \/ vinyasa<br \/>\n11h30 : Brunch<br \/>\n13h00 : Repos \/ temps libre \/ massage<br \/>\n16h00 : Go\u00fbter<br \/>\n17h : Pratique yoga doux &amp; yin<br \/>\n19h30 : D\u00eener<\/p>\n<div><\/div>\n<div><strong>Dimanche<\/strong><\/div>\n<div>8h : Collation \/ boissons chaudes<br \/>\n9h-11h00 : M\u00e9ditation &amp; pratique mobilit\u00e9 \/ vinyasa<br \/>\n11h30 : Brunch<br \/>\n13h00 : Repos \/ temps libre \/ massage<br \/>\n16h00 : Go\u00fbter<br \/>\n17h : Pratique yoga doux &amp; yin<br \/>\n19h30 : D\u00eener<\/div>\n<div><\/div>\n<div><strong>Lundi<\/strong><\/div>\n<div>\n<div>8h : Collation \/ boissons chaudes<br \/>\n9h-11h00 : M\u00e9ditation &amp; pratique mobilit\u00e9 \/ vinyasa et cercle de fermeture<br \/>\n11h00 : Brunch<br \/>\n13h15\u00a0: D\u00e9parts<\/div>\n<div><\/div>\n<\/div>\n<p><strong>The price<br \/>\n<\/strong><\/p>\n<div><b>\u25bd <\/b>Chambre double :<\/div>\n<div>517\u20ac pour les 3 nuits \/ 4 jours (d\u00e9part lundi)<\/div>\n<div>402\u20ac pour les 2 nuits \/ 3 jours (d\u00e9part dimanche)<\/div>\n<div><\/div>\n<div>\n<div><b>\u25bd<\/b> \u00a0Chambre quadruple :<\/div>\n<div>457\u20ac pour les 3 nuits \/ 4 jours (d\u00e9part lundi)<\/div>\n<div>362\u20ac pour les 2 nuits \/ 3 jours (d\u00e9part dimanche)<\/div>\n<\/div>\n<p><strong>This price includes:<br \/>\n<\/strong><\/p>\n<ul>\n<li>Les cours de yoga, de m\u00e9ditation etc\u2026<\/li>\n<li>Le logement \u00a0: 3 jours et 2 nuits en chambre cocooning \u00e0 partager \u00e0 deux ou \u00e0 quatre. Chaque participant aura son propre lit. Il est possible d\u2019avoir un lit double si vous venez avec une personne proche.<\/li>\n<li>Les repas : v\u00e9g\u00e9tariens et gourmands, cuisin\u00e9s sur place avec amour \u00e0 base de produits frais, majoritairement bio et locaux<\/li>\n<\/ul>\n<p><strong>Le prix ne comprend pas:<\/strong><\/p>\n<ul>\n<li>Le transport<\/li>\n<li>En option : Massage (prestation \u00e0 r\u00e9server \u00e0 l\u2019avance)<\/li>\n<\/ul>\n<div><strong>Paiement en 2 \u00e9tapes :<\/strong><\/div>\n<div>1 &#8211; Acompte de 175\u20ac aupr\u00e8s de Lauriane<\/div>\n<div>2 &#8211; Solde aupr\u00e8s de The Space Retreat<\/div>\n<\/div><div class=\"divider-wrap\" data-alignment=\"default\"><div style=\"height: 1vh;\" class=\"divider\"><\/div><\/div>\n\t\t<\/div> \n\t<\/div>\n\t<\/div> \n<\/div><\/div>\n\t\t\t<\/div> \n\t\t<\/div>\n\t<\/div> \n<\/div><\/div>","protected":false},"excerpt":{"rendered":"Weekenden immersion Printani\u00e8re La retraite La retraite de 3 jours et 3 nuits de Yoga, respiration, repas v\u00e9g\u00e9tariens savoureux. Du 22 au 25 Mai 2026, avec Lauriane Witwicki Pour r\u00e9server:...","protected":false},"author":2,"featured_media":0,"parent":0,"menu_order":0,"comment_status":"closed","ping_status":"closed","template":"","meta":{"footnotes":""},"class_list":["post-301","page","type-page","status-publish"],"yoast_head":"<!-- This site is optimized with the Yoast SEO Premium plugin v25.0 (Yoast SEO v27.4) - https:\/\/yoast.com\/product\/yoast-seo-premium-wordpress\/ -->\n<title>Immersion Printani\u00e8re - The Retreat Space<\/title>\n<meta name=\"description\" content=\"Women&#039;s retreat - a long weekend in May. Yoga, meditation, breathwork, campfire and star-gazing. Delicious food and beautiful space.\" \/>\n<meta name=\"robots\" content=\"index, follow, max-snippet:-1, max-image-preview:large, max-video-preview:-1\" \/>\n<link rel=\"canonical\" href=\"https:\/\/theretreatspacefrance.com\/en\/immersion-printaniere\/\" \/>\n<meta property=\"og:locale\" content=\"en_GB\" \/>\n<meta property=\"og:type\" content=\"article\" \/>\n<meta property=\"og:title\" content=\"Immersion Printani\u00e8re\" \/>\n<meta property=\"og:description\" content=\"Women&#039;s retreat - a long weekend in May. Yoga, meditation, breathwork, campfire and star-gazing. Delicious food and beautiful space.\" \/>\n<meta property=\"og:url\" content=\"https:\/\/theretreatspacefrance.com\/en\/immersion-printaniere\/\" \/>\n<meta property=\"og:site_name\" content=\"The Retreat Space\" \/>\n<meta property=\"article:modified_time\" content=\"2026-04-08T07:43:39+00:00\" \/>\n<meta name=\"twitter:card\" content=\"summary_large_image\" \/>\n<meta name=\"twitter:label1\" content=\"Estimated reading time\" \/>\n\t<meta name=\"twitter:data1\" content=\"5 minutes\" \/>\n<script type=\"application\/ld+json\" class=\"yoast-schema-graph\">{\"@context\":\"https:\\\/\\\/schema.org\",\"@graph\":[{\"@type\":\"WebPage\",\"@id\":\"https:\\\/\\\/theretreatspacefrance.com\\\/immersion-printaniere\\\/\",\"url\":\"https:\\\/\\\/theretreatspacefrance.com\\\/immersion-printaniere\\\/\",\"name\":\"Immersion Printani\u00e8re - The Retreat Space\",\"isPartOf\":{\"@id\":\"https:\\\/\\\/theretreatspacefrance.com\\\/#website\"},\"datePublished\":\"2024-05-01T15:30:56+00:00\",\"dateModified\":\"2026-04-08T07:43:39+00:00\",\"description\":\"Women's retreat - a long weekend in May. Yoga, meditation, breathwork, campfire and star-gazing. Delicious food and beautiful space.\",\"breadcrumb\":{\"@id\":\"https:\\\/\\\/theretreatspacefrance.com\\\/immersion-printaniere\\\/#breadcrumb\"},\"inLanguage\":\"en-GB\",\"potentialAction\":[{\"@type\":\"ReadAction\",\"target\":[\"https:\\\/\\\/theretreatspacefrance.com\\\/immersion-printaniere\\\/\"]}]},{\"@type\":\"BreadcrumbList\",\"@id\":\"https:\\\/\\\/theretreatspacefrance.com\\\/immersion-printaniere\\\/#breadcrumb\",\"itemListElement\":[{\"@type\":\"ListItem\",\"position\":1,\"name\":\"Accueil\",\"item\":\"https:\\\/\\\/theretreatspacefrance.com\\\/\"},{\"@type\":\"ListItem\",\"position\":2,\"name\":\"Immersion Printani\u00e8re\"}]},{\"@type\":\"WebSite\",\"@id\":\"https:\\\/\\\/theretreatspacefrance.com\\\/#website\",\"url\":\"https:\\\/\\\/theretreatspacefrance.com\\\/\",\"name\":\"The Retreat Space\",\"description\":\"Plongez dans la s&eacute;r&eacute;nit&eacute; au c&oelig;ur de la Normandie\",\"publisher\":{\"@id\":\"https:\\\/\\\/theretreatspacefrance.com\\\/#organization\"},\"potentialAction\":[{\"@type\":\"SearchAction\",\"target\":{\"@type\":\"EntryPoint\",\"urlTemplate\":\"https:\\\/\\\/theretreatspacefrance.com\\\/?s={search_term_string}\"},\"query-input\":{\"@type\":\"PropertyValueSpecification\",\"valueRequired\":true,\"valueName\":\"search_term_string\"}}],\"inLanguage\":\"en-GB\"},{\"@type\":\"Organization\",\"@id\":\"https:\\\/\\\/theretreatspacefrance.com\\\/#organization\",\"name\":\"The Retreat Space\",\"url\":\"https:\\\/\\\/theretreatspacefrance.com\\\/\",\"logo\":{\"@type\":\"ImageObject\",\"inLanguage\":\"en-GB\",\"@id\":\"https:\\\/\\\/theretreatspacefrance.com\\\/#\\\/schema\\\/logo\\\/image\\\/\",\"url\":\"https:\\\/\\\/theretreatspacefrance.com\\\/wp-content\\\/uploads\\\/2024\\\/02\\\/TheRetreatSpace-LOGO.png\",\"contentUrl\":\"https:\\\/\\\/theretreatspacefrance.com\\\/wp-content\\\/uploads\\\/2024\\\/02\\\/TheRetreatSpace-LOGO.png\",\"width\":500,\"height\":277,\"caption\":\"The Retreat Space\"},\"image\":{\"@id\":\"https:\\\/\\\/theretreatspacefrance.com\\\/#\\\/schema\\\/logo\\\/image\\\/\"},\"sameAs\":[\"https:\\\/\\\/www.instagram.com\\\/theretreatspacefrance\"]}]}<\/script>\n<!-- \/ Yoast SEO Premium plugin. -->","yoast_head_json":{"title":"Immersion Printani\u00e8re - The Retreat Space","description":"Women's retreat - a long weekend in May. Yoga, meditation, breathwork, campfire and star-gazing. Delicious food and beautiful space.","robots":{"index":"index","follow":"follow","max-snippet":"max-snippet:-1","max-image-preview":"max-image-preview:large","max-video-preview":"max-video-preview:-1"},"canonical":"https:\/\/theretreatspacefrance.com\/en\/immersion-printaniere\/","og_locale":"en_GB","og_type":"article","og_title":"Immersion Printani\u00e8re","og_description":"Women's retreat - a long weekend in May. Yoga, meditation, breathwork, campfire and star-gazing. Delicious food and beautiful space.","og_url":"https:\/\/theretreatspacefrance.com\/en\/immersion-printaniere\/","og_site_name":"The Retreat Space","article_modified_time":"2026-04-08T07:43:39+00:00","twitter_card":"summary_large_image","twitter_misc":{"Estimated reading time":"5 minutes"},"schema":{"@context":"https:\/\/schema.org","@graph":[{"@type":"WebPage","@id":"https:\/\/theretreatspacefrance.com\/immersion-printaniere\/","url":"https:\/\/theretreatspacefrance.com\/immersion-printaniere\/","name":"Immersion Printani\u00e8re - The Retreat Space","isPartOf":{"@id":"https:\/\/theretreatspacefrance.com\/#website"},"datePublished":"2024-05-01T15:30:56+00:00","dateModified":"2026-04-08T07:43:39+00:00","description":"Women's retreat - a long weekend in May. Yoga, meditation, breathwork, campfire and star-gazing. Delicious food and beautiful space.","breadcrumb":{"@id":"https:\/\/theretreatspacefrance.com\/immersion-printaniere\/#breadcrumb"},"inLanguage":"en-GB","potentialAction":[{"@type":"ReadAction","target":["https:\/\/theretreatspacefrance.com\/immersion-printaniere\/"]}]},{"@type":"BreadcrumbList","@id":"https:\/\/theretreatspacefrance.com\/immersion-printaniere\/#breadcrumb","itemListElement":[{"@type":"ListItem","position":1,"name":"Accueil","item":"https:\/\/theretreatspacefrance.com\/"},{"@type":"ListItem","position":2,"name":"Immersion Printani\u00e8re"}]},{"@type":"WebSite","@id":"https:\/\/theretreatspacefrance.com\/#website","url":"https:\/\/theretreatspacefrance.com\/","name":"The Retreat Space","description":"Plongez dans la s&eacute;r&eacute;nit&eacute; au c&oelig;ur de la Normandie","publisher":{"@id":"https:\/\/theretreatspacefrance.com\/#organization"},"potentialAction":[{"@type":"SearchAction","target":{"@type":"EntryPoint","urlTemplate":"https:\/\/theretreatspacefrance.com\/?s={search_term_string}"},"query-input":{"@type":"PropertyValueSpecification","valueRequired":true,"valueName":"search_term_string"}}],"inLanguage":"en-GB"},{"@type":"Organization","@id":"https:\/\/theretreatspacefrance.com\/#organization","name":"The Retreat Space","url":"https:\/\/theretreatspacefrance.com\/","logo":{"@type":"ImageObject","inLanguage":"en-GB","@id":"https:\/\/theretreatspacefrance.com\/#\/schema\/logo\/image\/","url":"https:\/\/theretreatspacefrance.com\/wp-content\/uploads\/2024\/02\/TheRetreatSpace-LOGO.png","contentUrl":"https:\/\/theretreatspacefrance.com\/wp-content\/uploads\/2024\/02\/TheRetreatSpace-LOGO.png","width":500,"height":277,"caption":"The Retreat Space"},"image":{"@id":"https:\/\/theretreatspacefrance.com\/#\/schema\/logo\/image\/"},"sameAs":["https:\/\/www.instagram.com\/theretreatspacefrance"]}]}},"_links":{"self":[{"href":"https:\/\/theretreatspacefrance.com\/en\/wp-json\/wp\/v2\/pages\/301","targetHints":{"allow":["GET"]}}],"collection":[{"href":"https:\/\/theretreatspacefrance.com\/en\/wp-json\/wp\/v2\/pages"}],"about":[{"href":"https:\/\/theretreatspacefrance.com\/en\/wp-json\/wp\/v2\/types\/page"}],"author":[{"embeddable":true,"href":"https:\/\/theretreatspacefrance.com\/en\/wp-json\/wp\/v2\/users\/2"}],"replies":[{"embeddable":true,"href":"https:\/\/theretreatspacefrance.com\/en\/wp-json\/wp\/v2\/comments?post=301"}],"version-history":[{"count":22,"href":"https:\/\/theretreatspacefrance.com\/en\/wp-json\/wp\/v2\/pages\/301\/revisions"}],"predecessor-version":[{"id":585,"href":"https:\/\/theretreatspacefrance.com\/en\/wp-json\/wp\/v2\/pages\/301\/revisions\/585"}],"wp:attachment":[{"href":"https:\/\/theretreatspacefrance.com\/en\/wp-json\/wp\/v2\/media?parent=301"}],"curies":[{"name":"wp","href":"https:\/\/api.w.org\/{rel}","templated":true}]}}