{"id":508,"date":"2025-05-05T13:57:24","date_gmt":"2025-05-05T13:57:24","guid":{"rendered":"https:\/\/theretreatspacefrance.com\/?page_id=508"},"modified":"2026-01-26T10:09:04","modified_gmt":"2026-01-26T10:09:04","slug":"awakening","status":"publish","type":"page","link":"https:\/\/theretreatspacefrance.com\/en\/awakening\/","title":{"rendered":"Spring Awakening &#8211; women&rsquo;s retreat"},"content":{"rendered":"<div id=\"fws_69e067968a0b2\"  data-column-margin=\"default\" data-midnight=\"dark\" data-nectar-animated-gradient-settings=\"{&quot;color_1&quot;:&quot;#a5b4a0&quot;,&quot;color_2&quot;:&quot;#e1a101&quot;,&quot;speed&quot;:&quot;850&quot;,&quot;blending_mode&quot;:&quot;linear&quot;}\"  class=\"wpb_row vc_row-fluid vc_row full-width-content vc_row-o-full-height vc_row-o-columns-middle vc_row-o-equal-height vc_row-flex vc_row-o-content-top  right_padding_19pct left_padding_19pct right_padding_phone_10pct left_padding_phone_10pct\"  style=\"padding-top: 0px; padding-bottom: 0px; \"><div class=\"row-bg-wrap has-animated-gradient\" data-bg-animation=\"none\" data-bg-animation-delay=\"\" data-bg-overlay=\"false\"><div class=\"inner-wrap row-bg-layer\" ><div class=\"row-bg viewport-desktop\"  style=\"\"><\/div><\/div><div class=\"row-bg-overlay row-bg-layer\" style=\"background:linear-gradient(0deg, rgb(255,255,255) 1%, rgba(243,243,243,0) 32%);\"><\/div><\/div><div class=\"row_col_wrap_12 col span_12 dark left\">\n\t<div  class=\"vc_col-sm-12 wpb_column column_container vc_column_container col has-animation no-extra-padding el_spacing_0px inherit_tablet inherit_phone\"  data-padding-pos=\"all\" data-has-bg-color=\"false\" data-bg-color=\"\" data-bg-opacity=\"1\" data-animation=\"fade-in\" data-delay=\"0\" >\n\t\t<div class=\"vc_column-inner\" >\n\t\t\t<div class=\"wpb_wrapper\">\n\t\t\t\t<div id=\"fws_69e067968a704\" data-midnight=\"\" data-column-margin=\"default\" class=\"wpb_row vc_row-fluid vc_row inner_row\"  style=\"\"><div class=\"row-bg-wrap\"> <div class=\"row-bg\" ><\/div> <\/div><div class=\"row_col_wrap_12_inner col span_12  left\">\n\t<div  class=\"vc_col-sm-12 wpb_column column_container vc_column_container col child_column no-extra-padding column_element_direction_desktop_horizontal column_element_direction_tablet_horizontal column_element_direction_phone_horizontal el_spacing_20px inherit_tablet inherit_phone\"   data-padding-pos=\"all\" data-has-bg-color=\"false\" data-bg-color=\"\" data-bg-opacity=\"1\" data-animation=\"\" data-delay=\"0\" >\n\t\t<div class=\"vc_column-inner\" >\n\t\t<div class=\"wpb_wrapper\">\n\t\t\t<div class=\"nectar-split-heading  font_size_7vw font_size_tablet_8vw font_size_phone_8vw font_line_height_1-1\" data-align=\"default\" data-m-align=\"inherit\" data-text-effect=\"twist-bottom-2\" data-animation-type=\"line-reveal-by-space\" data-animation-delay=\"0\" data-animation-offset=\"\" data-m-rm-animation=\"\" data-stagger=\"\" data-custom-font-size=\"true\" style=\"font-size: 7vw; line-height: 7.7vw;\"><h1 >Spring<\/h1><\/div><div class=\"nectar-split-heading  font_size_7vw font_size_tablet_8vw font_size_phone_8vw font_line_height_1-1\" data-align=\"default\" data-m-align=\"inherit\" data-text-effect=\"twist-bottom-2\" data-animation-type=\"line-reveal-by-space\" data-animation-delay=\"100\" data-animation-offset=\"\" data-m-rm-animation=\"\" data-stagger=\"\" data-custom-font-size=\"true\" style=\"font-size: 7vw; line-height: 7.7vw;\"><i >Awakening<\/i><\/div>\n\t\t<\/div> \n\t<\/div>\n\t<\/div> \n<\/div><\/div><div id=\"fws_69e067968ab2c\" data-midnight=\"\" data-column-margin=\"default\" class=\"wpb_row vc_row-fluid vc_row inner_row  left_padding_5vw\"  style=\"\"><div class=\"row-bg-wrap\"> <div class=\"row-bg\" ><\/div> <\/div><div class=\"row_col_wrap_12_inner col span_12  left\">\n\t<div  class=\"vc_col-sm-12 wpb_column column_container vc_column_container col child_column no-extra-padding column_element_direction_desktop_horizontal column_element_direction_tablet_horizontal column_element_direction_phone_horizontal el_spacing_20px inherit_tablet inherit_phone\"   data-padding-pos=\"all\" data-has-bg-color=\"false\" data-bg-color=\"\" data-bg-opacity=\"1\" data-animation=\"\" data-delay=\"0\" >\n\t\t<div class=\"vc_column-inner\" >\n\t\t<div class=\"wpb_wrapper\">\n\t\t\t<div class=\"nectar-split-heading  font_size_7vw font_size_tablet_8vw font_size_phone_8vw font_line_height_1-1\" data-align=\"default\" data-m-align=\"inherit\" data-text-effect=\"twist-bottom-2\" data-animation-type=\"line-reveal-by-space\" data-animation-delay=\"400\" data-animation-offset=\"100%\" data-m-rm-animation=\"\" data-stagger=\"\" data-custom-font-size=\"true\" style=\"font-size: 7vw; line-height: 7.7vw;\"><i >Women's<\/i><\/div><div class=\"nectar-split-heading  font_size_7vw font_size_tablet_8vw font_size_phone_8vw font_line_height_1-1\" data-align=\"default\" data-m-align=\"inherit\" data-text-effect=\"twist-bottom-2\" data-animation-type=\"line-reveal-by-space\" data-animation-delay=\"500\" data-animation-offset=\"100%\" data-m-rm-animation=\"\" data-stagger=\"\" data-custom-font-size=\"true\" style=\"font-size: 7vw; line-height: 7.7vw;\"><h1 >retreat<\/h1><\/div>\n\t\t<\/div> \n\t<\/div>\n\t<\/div> \n<\/div><\/div>\n\t\t\t<\/div> \n\t\t<\/div>\n\t<\/div> \n<\/div><\/div>\n\t\t<div id=\"fws_69e067968b058\"  data-column-margin=\"20px\" data-midnight=\"dark\" data-top-percent=\"4%\" data-bottom-percent=\"4%\"  class=\"wpb_row vc_row-fluid vc_row full-width-content vc_row-o-equal-height vc_row-flex vc_row-o-content-top  zindex-set right_padding_5pct left_padding_5pct right_padding_phone_14px left_padding_phone_14px\"  style=\"padding-top: calc(100vw * 0.04); padding-bottom: calc(100vw * 0.04);  z-index: 10;\"><div class=\"row-bg-wrap\" data-bg-animation=\"none\" data-bg-animation-delay=\"\" data-bg-overlay=\"false\"><div class=\"inner-wrap row-bg-layer\" ><div class=\"row-bg viewport-desktop using-bg-color\"  style=\"background-color: #d8d1c7; \"><\/div><\/div><\/div><div class=\"row_col_wrap_12 col span_12 dark left\">\n\t<div style=\"\" class=\"vc_col-sm-7 wpb_column column_container vc_column_container col el_spacing_0px bottom_margin_tablet_20px col-overflow-hidden left_padding_desktop_4vw left_padding_tablet_8vw top_padding_desktop_4vw top_padding_tablet_8vw right_padding_desktop_4vw right_padding_tablet_8vw bottom_padding_desktop_2vw bottom_padding_tablet_8vw\" data-using-bg=\"true\" data-border-radius=\"15px\" data-padding-pos=\"all\" data-has-bg-color=\"true\" data-bg-color=\"#ffffff\" data-bg-opacity=\"1\" data-animation=\"\" data-delay=\"0\" >\n\t\t<div class=\"vc_column-inner\" ><div class=\"column-bg-overlay-wrap column-bg-layer\" data-bg-animation=\"none\"><div class=\"column-bg-overlay\" style=\"opacity: 1; background-color: #ffffff;\"><\/div><\/div>\n\t\t\t<div class=\"wpb_wrapper\">\n\t\t\t\t<div id=\"fws_69e067968b329\" data-midnight=\"\" data-column-margin=\"default\" class=\"wpb_row vc_row-fluid vc_row inner_row\"  style=\"\"><div class=\"row-bg-wrap\"> <div class=\"row-bg\" ><\/div> <\/div><div class=\"row_col_wrap_12_inner col span_12  left\">\n\t<div style=\" color: #0a0000;\" class=\"vc_col-sm-12 wpb_column column_container vc_column_container col child_column el_spacing_10px right_padding_tablet_33vw right_padding_phone_0px\" data-cfc=\"true\"  data-padding-pos=\"all\" data-has-bg-color=\"false\" data-bg-color=\"\" data-bg-opacity=\"1\" data-animation=\"\" data-delay=\"0\" >\n\t\t<div class=\"vc_column-inner\" >\n\t\t<div class=\"wpb_wrapper\">\n\t\t\t<div class=\"nectar-responsive-text font_size_desktop_1-8vw font_size_tablet_22px font_line_height_1-3 nectar-link-underline-effect\"><h3>The retreat<\/h3>\n<\/div><div class=\"nectar-responsive-text font_size_min_14px font_size_max_20px font_size_desktop_1-1vw font_line_height_1-5 nectar-link-underline-effect\"><p><strong>La retraite \u00ab\u00a0\u00e9veil\u00a0\u00bb de 3 jours et 2 nuits de Yoga \u00e0 la douceur du printemps, rituels de beaut\u00e9, ateliers cr\u00e9atif et repas gourmands.<\/strong><\/p>\n<p>&nbsp;<\/p>\n<p>Du 20 au 22 Mars 2026<\/p>\n<p>With Louise Cutler, Founder of The Space &amp; The Retreat Space<\/p>\n<p data-start=\"173\" data-end=\"393\">Cette retraite est une invitation \u00e0 t\u2019accorder un renouveau, \u00e0 t\u2019ouvrir \u00e0 l\u2019\u00e9nergie douce et florissante du printemps. Un week-end pour ralentir, te ressourcer et nourrir ton \u00e2me, envelopp\u00e9\u00b7e par la nature qui s\u2019\u00e9veille.<\/p>\n<p data-start=\"395\" data-end=\"651\">Au programme : des s\u00e9ances de yoga pour r\u00e9veiller le corps en douceur, des pratiques de pranayama et de m\u00e9ditation pour clarifier l\u2019esprit, ainsi que des mouvements pens\u00e9s pour stimuler le syst\u00e8me lymphatique et relancer l\u2019\u00e9lan vital propre \u00e0 cette saison.<\/p>\n<p data-start=\"653\" data-end=\"833\">Tu savoureras des repas color\u00e9s et gourmands, inspir\u00e9s des produits frais du printemps, des tisanes herbac\u00e9es, et des rituels bien-\u00eatre pour te reconnecter \u00e0 ta lumi\u00e8re int\u00e9rieure.<\/p>\n<p data-start=\"835\" data-end=\"974\">Et comme toujours, de longs moments de temps libre pour te reposer, fl\u00e2ner, \u00e9crire, r\u00eaver ou simplement \u00e9couter ce dont ton corps a besoin.<\/p>\n<p data-start=\"976\" data-end=\"1040\">Un week-end pour rena\u00eetre, respirer et t\u2019honorer pleinement. \ud83c\udf3f\u2728<\/p>\n<\/div>\n\t\t<\/div> \n\t<\/div>\n\t<\/div> \n<\/div><\/div><div class=\"img-with-aniamtion-wrap center\" data-max-width=\"100%\" data-max-width-mobile=\"default\" data-border-radius=\"10px\" data-shadow=\"none\" data-animation=\"none\"  style=\"margin-top: 8%; \">\n      <div class=\"inner\">\n        <div class=\"hover-wrap\"> \n          <div class=\"hover-wrap-inner\">\n            <img loading=\"lazy\" decoding=\"async\" class=\"img-with-animation skip-lazy\" data-delay=\"0\" height=\"1920\" width=\"1080\" data-animation=\"none\" src=\"https:\/\/theretreatspacefrance.com\/wp-content\/uploads\/2025\/11\/Louise-is-back-to-teach-at-the-studio-Friday-December-13th-17h30-Vinyasa-ENG-Spaces-limited2.jpg\" alt=\"\" srcset=\"https:\/\/theretreatspacefrance.com\/wp-content\/uploads\/2025\/11\/Louise-is-back-to-teach-at-the-studio-Friday-December-13th-17h30-Vinyasa-ENG-Spaces-limited2.jpg 1080w, https:\/\/theretreatspacefrance.com\/wp-content\/uploads\/2025\/11\/Louise-is-back-to-teach-at-the-studio-Friday-December-13th-17h30-Vinyasa-ENG-Spaces-limited2-169x300.jpg 169w, https:\/\/theretreatspacefrance.com\/wp-content\/uploads\/2025\/11\/Louise-is-back-to-teach-at-the-studio-Friday-December-13th-17h30-Vinyasa-ENG-Spaces-limited2-576x1024.jpg 576w, https:\/\/theretreatspacefrance.com\/wp-content\/uploads\/2025\/11\/Louise-is-back-to-teach-at-the-studio-Friday-December-13th-17h30-Vinyasa-ENG-Spaces-limited2-768x1365.jpg 768w, https:\/\/theretreatspacefrance.com\/wp-content\/uploads\/2025\/11\/Louise-is-back-to-teach-at-the-studio-Friday-December-13th-17h30-Vinyasa-ENG-Spaces-limited2-864x1536.jpg 864w, https:\/\/theretreatspacefrance.com\/wp-content\/uploads\/2025\/11\/Louise-is-back-to-teach-at-the-studio-Friday-December-13th-17h30-Vinyasa-ENG-Spaces-limited2-7x12.jpg 7w\" sizes=\"auto, (max-width: 1080px) 100vw, 1080px\" \/>\n          <\/div>\n        <\/div>\n      <\/div>\n    <\/div>\n\t\t\t<\/div> \n\t\t<\/div>\n\t<\/div> \n\n\t<div style=\" color: #000000;\" class=\"vc_col-sm-5 wpb_column column_container vc_column_container col el_spacing_20px left_padding_desktop_4vw left_padding_tablet_8vw top_padding_desktop_4vw top_padding_tablet_8vw right_padding_desktop_4vw right_padding_tablet_8vw bottom_padding_desktop_4vw bottom_padding_tablet_8vw\" data-cfc=\"true\" data-using-bg=\"true\" data-border-radius=\"15px\" data-padding-pos=\"all\" data-has-bg-color=\"true\" data-bg-color=\"#ffffff\" data-bg-opacity=\"1\" data-animation=\"\" data-delay=\"0\" >\n\t\t<div class=\"vc_column-inner\" ><div class=\"column-bg-overlay-wrap column-bg-layer\" data-bg-animation=\"none\"><div class=\"column-bg-overlay\" style=\"opacity: 1; background-color: #ffffff;\"><\/div><\/div>\n\t\t\t<div class=\"wpb_wrapper\">\n\t\t\t\t<div id=\"fws_69e067968c669\" data-midnight=\"\" data-column-margin=\"default\" class=\"wpb_row vc_row-fluid vc_row inner_row\"  style=\"\"><div class=\"row-bg-wrap\"> <div class=\"row-bg\" ><\/div> <\/div><div class=\"row_col_wrap_12_inner col span_12  left\">\n\t<div style=\" color: #000000;\" class=\"vc_col-sm-12 wpb_column column_container vc_column_container col child_column el_spacing_10px right_padding_tablet_33vw right_padding_phone_0px\" data-cfc=\"true\"  data-padding-pos=\"all\" data-has-bg-color=\"false\" data-bg-color=\"\" data-bg-opacity=\"1\" data-animation=\"\" data-delay=\"0\" >\n\t\t<div class=\"vc_column-inner\" >\n\t\t<div class=\"wpb_wrapper\">\n\t\t\t<div class=\"nectar-responsive-text font_size_desktop_1-8vw font_size_tablet_22px font_line_height_1-3 nectar-link-underline-effect\"><h3>The program and prices<\/h3>\n<\/div><div class=\"nectar-responsive-text font_size_min_14px font_size_max_20px font_size_desktop_1-1vw font_line_height_1-5 nectar-link-underline-effect\"><p><strong>The program:<\/strong><\/p>\n<p><strong>Vendredi:<br \/>\n<\/strong>Arrivals 16h30<br \/>\nWelcome platter 17h<br \/>\nSoft Vinyasa 18h-19h15<br \/>\nEvening meal 19h30<\/p>\n<p><strong>Saturday:<br \/>\n<\/strong>Morning Yoga 9h-10h15<br \/>\nBrunch &amp; temps libre 10h45-14h<br \/>\nAtelier \u00ab\u00a0\u00e9veil\u00a0\u00bb 14h-15h<br \/>\nAfternoon snack 15h-15h30<br \/>\nYin Yoga Workshop 15h30-17h<br \/>\nYoga du soir 18h-19h30<br \/>\nEvening meal 20h<\/p>\n<div dir=\"auto\"><strong>Sunday:<\/strong><\/div>\n<div dir=\"auto\">\n<div dir=\"auto\">Morning Yoga 9h-10h15<\/div>\n<div dir=\"auto\">Brunch 10h45-12h<\/div>\n<div dir=\"auto\">Free time 12h-14h (or workshop 12h-13h)<\/div>\n<div dir=\"auto\">Departures 14h to 16h<\/div>\n<\/div>\n<p>&nbsp;<\/p>\n<p><strong>The price<br \/>\n<\/strong>\u2022 Bed in quadruple room : 330 \u20ac<br \/>\n\u2022 Bed in twin room : 380 \u20ac<br \/>\n\u2022 Single room : 540 \u20ac<br \/>\n<em>Tarif early bird jusqu&rsquo;au 01\/02\/2026: -10%<\/em><\/p>\n<p><strong>This price includes:<br \/>\n<\/strong>\u2022 Pickup from local train station (Vire)<br \/>\n\u2022 3 days &amp; 2 nights in our stunning space<br \/>\n\u2022 Brunch, snack, teas and evening meal<br \/>\n\u2022 All Yoga classes &amp; activities<br \/>\n\u2022 All yoga material<br \/>\n\u2022 Gifts ^^<\/p>\n<p>It is possible to pay in installments to make this retreat more accessible, please don't hesitate to get in touch about this!<\/p>\n<\/div><div class=\"divider-wrap\" data-alignment=\"default\"><div style=\"height: 1vh;\" class=\"divider\"><\/div><\/div>\n\t\t<\/div> \n\t<\/div>\n\t<\/div> \n<\/div><\/div>\n\t\t\t<\/div> \n\t\t<\/div>\n\t<\/div> \n<\/div><\/div>","protected":false},"excerpt":{"rendered":"SpringAwakening Women'sretreat La retraite La retraite \"\u00e9veil\" de 3 jours et 2 nuits de Yoga \u00e0 la douceur du printemps, rituels de beaut\u00e9, ateliers cr\u00e9atif et repas gourmands. &nbsp; Du...","protected":false},"author":2,"featured_media":0,"parent":0,"menu_order":0,"comment_status":"closed","ping_status":"closed","template":"","meta":{"footnotes":""},"class_list":["post-508","page","type-page","status-publish"],"yoast_head":"<!-- This site is optimized with the Yoast SEO Premium plugin v25.0 (Yoast SEO v27.4) - https:\/\/yoast.com\/product\/yoast-seo-premium-wordpress\/ -->\n<title>Spring Awakening - women&#039;s retreat - The Retreat Space<\/title>\n<meta name=\"description\" content=\"Une retraite pour femmes - weekend en Novembre. Yoga au coin du feu, rituels de beaut\u00e9, breathwork, repas gourmands faits maison. A partir de 190\u20ac\" \/>\n<meta name=\"robots\" content=\"index, follow, max-snippet:-1, max-image-preview:large, max-video-preview:-1\" \/>\n<link rel=\"canonical\" href=\"https:\/\/theretreatspacefrance.com\/en\/awakening\/\" \/>\n<meta property=\"og:locale\" content=\"en_GB\" \/>\n<meta property=\"og:type\" content=\"article\" \/>\n<meta property=\"og:title\" content=\"Spring Awakening - women&#039;s retreat\" \/>\n<meta property=\"og:description\" content=\"Une retraite pour femmes - weekend en Novembre. Yoga au coin du feu, rituels de beaut\u00e9, breathwork, repas gourmands faits maison. A partir de 190\u20ac\" \/>\n<meta property=\"og:url\" content=\"https:\/\/theretreatspacefrance.com\/en\/awakening\/\" \/>\n<meta property=\"og:site_name\" content=\"The Retreat Space\" \/>\n<meta property=\"article:modified_time\" content=\"2026-01-26T10:09:04+00:00\" \/>\n<meta name=\"twitter:card\" content=\"summary_large_image\" \/>\n<meta name=\"twitter:label1\" content=\"Estimated reading time\" \/>\n\t<meta name=\"twitter:data1\" content=\"5 minutes\" \/>\n<script type=\"application\/ld+json\" class=\"yoast-schema-graph\">{\"@context\":\"https:\\\/\\\/schema.org\",\"@graph\":[{\"@type\":\"WebPage\",\"@id\":\"https:\\\/\\\/theretreatspacefrance.com\\\/awakening\\\/\",\"url\":\"https:\\\/\\\/theretreatspacefrance.com\\\/awakening\\\/\",\"name\":\"Spring Awakening - women's retreat - The Retreat Space\",\"isPartOf\":{\"@id\":\"https:\\\/\\\/theretreatspacefrance.com\\\/#website\"},\"datePublished\":\"2025-05-05T13:57:24+00:00\",\"dateModified\":\"2026-01-26T10:09:04+00:00\",\"description\":\"Une retraite pour femmes - weekend en Novembre. Yoga au coin du feu, rituels de beaut\u00e9, breathwork, repas gourmands faits maison. A partir de 190\u20ac\",\"breadcrumb\":{\"@id\":\"https:\\\/\\\/theretreatspacefrance.com\\\/awakening\\\/#breadcrumb\"},\"inLanguage\":\"en-GB\",\"potentialAction\":[{\"@type\":\"ReadAction\",\"target\":[\"https:\\\/\\\/theretreatspacefrance.com\\\/awakening\\\/\"]}]},{\"@type\":\"BreadcrumbList\",\"@id\":\"https:\\\/\\\/theretreatspacefrance.com\\\/awakening\\\/#breadcrumb\",\"itemListElement\":[{\"@type\":\"ListItem\",\"position\":1,\"name\":\"Accueil\",\"item\":\"https:\\\/\\\/theretreatspacefrance.com\\\/\"},{\"@type\":\"ListItem\",\"position\":2,\"name\":\"Spring Awakening &#8211; women&#8217;s retreat\"}]},{\"@type\":\"WebSite\",\"@id\":\"https:\\\/\\\/theretreatspacefrance.com\\\/#website\",\"url\":\"https:\\\/\\\/theretreatspacefrance.com\\\/\",\"name\":\"The Retreat Space\",\"description\":\"Plongez dans la s&eacute;r&eacute;nit&eacute; au c&oelig;ur de la Normandie\",\"publisher\":{\"@id\":\"https:\\\/\\\/theretreatspacefrance.com\\\/#organization\"},\"potentialAction\":[{\"@type\":\"SearchAction\",\"target\":{\"@type\":\"EntryPoint\",\"urlTemplate\":\"https:\\\/\\\/theretreatspacefrance.com\\\/?s={search_term_string}\"},\"query-input\":{\"@type\":\"PropertyValueSpecification\",\"valueRequired\":true,\"valueName\":\"search_term_string\"}}],\"inLanguage\":\"en-GB\"},{\"@type\":\"Organization\",\"@id\":\"https:\\\/\\\/theretreatspacefrance.com\\\/#organization\",\"name\":\"The Retreat Space\",\"url\":\"https:\\\/\\\/theretreatspacefrance.com\\\/\",\"logo\":{\"@type\":\"ImageObject\",\"inLanguage\":\"en-GB\",\"@id\":\"https:\\\/\\\/theretreatspacefrance.com\\\/#\\\/schema\\\/logo\\\/image\\\/\",\"url\":\"https:\\\/\\\/theretreatspacefrance.com\\\/wp-content\\\/uploads\\\/2024\\\/02\\\/TheRetreatSpace-LOGO.png\",\"contentUrl\":\"https:\\\/\\\/theretreatspacefrance.com\\\/wp-content\\\/uploads\\\/2024\\\/02\\\/TheRetreatSpace-LOGO.png\",\"width\":500,\"height\":277,\"caption\":\"The Retreat Space\"},\"image\":{\"@id\":\"https:\\\/\\\/theretreatspacefrance.com\\\/#\\\/schema\\\/logo\\\/image\\\/\"},\"sameAs\":[\"https:\\\/\\\/www.instagram.com\\\/theretreatspacefrance\"]}]}<\/script>\n<!-- \/ Yoast SEO Premium plugin. -->","yoast_head_json":{"title":"Spring Awakening - women's retreat - The Retreat Space","description":"Une retraite pour femmes - weekend en Novembre. Yoga au coin du feu, rituels de beaut\u00e9, breathwork, repas gourmands faits maison. A partir de 190\u20ac","robots":{"index":"index","follow":"follow","max-snippet":"max-snippet:-1","max-image-preview":"max-image-preview:large","max-video-preview":"max-video-preview:-1"},"canonical":"https:\/\/theretreatspacefrance.com\/en\/awakening\/","og_locale":"en_GB","og_type":"article","og_title":"Spring Awakening - women's retreat","og_description":"Une retraite pour femmes - weekend en Novembre. Yoga au coin du feu, rituels de beaut\u00e9, breathwork, repas gourmands faits maison. A partir de 190\u20ac","og_url":"https:\/\/theretreatspacefrance.com\/en\/awakening\/","og_site_name":"The Retreat Space","article_modified_time":"2026-01-26T10:09:04+00:00","twitter_card":"summary_large_image","twitter_misc":{"Estimated reading time":"5 minutes"},"schema":{"@context":"https:\/\/schema.org","@graph":[{"@type":"WebPage","@id":"https:\/\/theretreatspacefrance.com\/awakening\/","url":"https:\/\/theretreatspacefrance.com\/awakening\/","name":"Spring Awakening - women's retreat - The Retreat Space","isPartOf":{"@id":"https:\/\/theretreatspacefrance.com\/#website"},"datePublished":"2025-05-05T13:57:24+00:00","dateModified":"2026-01-26T10:09:04+00:00","description":"Une retraite pour femmes - weekend en Novembre. Yoga au coin du feu, rituels de beaut\u00e9, breathwork, repas gourmands faits maison. A partir de 190\u20ac","breadcrumb":{"@id":"https:\/\/theretreatspacefrance.com\/awakening\/#breadcrumb"},"inLanguage":"en-GB","potentialAction":[{"@type":"ReadAction","target":["https:\/\/theretreatspacefrance.com\/awakening\/"]}]},{"@type":"BreadcrumbList","@id":"https:\/\/theretreatspacefrance.com\/awakening\/#breadcrumb","itemListElement":[{"@type":"ListItem","position":1,"name":"Accueil","item":"https:\/\/theretreatspacefrance.com\/"},{"@type":"ListItem","position":2,"name":"Spring Awakening &#8211; women&#8217;s retreat"}]},{"@type":"WebSite","@id":"https:\/\/theretreatspacefrance.com\/#website","url":"https:\/\/theretreatspacefrance.com\/","name":"The Retreat Space","description":"Plongez dans la s&eacute;r&eacute;nit&eacute; au c&oelig;ur de la Normandie","publisher":{"@id":"https:\/\/theretreatspacefrance.com\/#organization"},"potentialAction":[{"@type":"SearchAction","target":{"@type":"EntryPoint","urlTemplate":"https:\/\/theretreatspacefrance.com\/?s={search_term_string}"},"query-input":{"@type":"PropertyValueSpecification","valueRequired":true,"valueName":"search_term_string"}}],"inLanguage":"en-GB"},{"@type":"Organization","@id":"https:\/\/theretreatspacefrance.com\/#organization","name":"The Retreat Space","url":"https:\/\/theretreatspacefrance.com\/","logo":{"@type":"ImageObject","inLanguage":"en-GB","@id":"https:\/\/theretreatspacefrance.com\/#\/schema\/logo\/image\/","url":"https:\/\/theretreatspacefrance.com\/wp-content\/uploads\/2024\/02\/TheRetreatSpace-LOGO.png","contentUrl":"https:\/\/theretreatspacefrance.com\/wp-content\/uploads\/2024\/02\/TheRetreatSpace-LOGO.png","width":500,"height":277,"caption":"The Retreat Space"},"image":{"@id":"https:\/\/theretreatspacefrance.com\/#\/schema\/logo\/image\/"},"sameAs":["https:\/\/www.instagram.com\/theretreatspacefrance"]}]}},"_links":{"self":[{"href":"https:\/\/theretreatspacefrance.com\/en\/wp-json\/wp\/v2\/pages\/508","targetHints":{"allow":["GET"]}}],"collection":[{"href":"https:\/\/theretreatspacefrance.com\/en\/wp-json\/wp\/v2\/pages"}],"about":[{"href":"https:\/\/theretreatspacefrance.com\/en\/wp-json\/wp\/v2\/types\/page"}],"author":[{"embeddable":true,"href":"https:\/\/theretreatspacefrance.com\/en\/wp-json\/wp\/v2\/users\/2"}],"replies":[{"embeddable":true,"href":"https:\/\/theretreatspacefrance.com\/en\/wp-json\/wp\/v2\/comments?post=508"}],"version-history":[{"count":7,"href":"https:\/\/theretreatspacefrance.com\/en\/wp-json\/wp\/v2\/pages\/508\/revisions"}],"predecessor-version":[{"id":553,"href":"https:\/\/theretreatspacefrance.com\/en\/wp-json\/wp\/v2\/pages\/508\/revisions\/553"}],"wp:attachment":[{"href":"https:\/\/theretreatspacefrance.com\/en\/wp-json\/wp\/v2\/media?parent=508"}],"curies":[{"name":"wp","href":"https:\/\/api.w.org\/{rel}","templated":true}]}}